{"id":81,"date":"2020-06-07T11:11:15","date_gmt":"2020-06-07T14:11:15","guid":{"rendered":"https:\/\/medianeira76.com.br\/?page_id=81"},"modified":"2025-07-28T18:51:52","modified_gmt":"2025-07-28T21:51:52","slug":"home","status":"publish","type":"page","link":"https:\/\/medianeira76.com.br\/","title":{"rendered":"Home"},"content":{"rendered":"\n<div id=\"metaslider-id-82\" style=\"width: 100%;\" class=\"ml-slider-3-107-0 metaslider metaslider-flex metaslider-82 ml-slider has-dots-nav ms-theme-default\" role=\"region\" aria-label=\"New Slideshow\" data-height=\"300\" data-width=\"700\">\n    <div id=\"metaslider_container_82\">\n        <div id=\"metaslider_82\">\n            <ul class='slides'>\n                <li style=\"display: block; width: 100%;\" class=\"slide-329 ms-image \" aria-roledescription=\"slide\" data-date=\"2025-02-12 15:00:22\" data-filename=\"Seja-Escoteiro-700x300.png\" data-slide-type=\"image\"><img loading=\"lazy\" decoding=\"async\" src=\"https:\/\/medianeira76.com.br\/wp-content\/uploads\/2025\/02\/Seja-Escoteiro-700x300.png\" height=\"300\" width=\"700\" alt=\"Seja escoteiro, vem pro med\" class=\"slider-82 slide-329 msDefaultImage\" title=\"Seja Escoteiro\" \/><\/li>\n                <li style=\"display: none; width: 100%;\" class=\"slide-330 ms-image \" aria-roledescription=\"slide\" data-date=\"2025-02-12 15:00:44\" data-filename=\"Seja-Escoteiro-1-700x300.png\" data-slide-type=\"image\"><img loading=\"lazy\" decoding=\"async\" src=\"https:\/\/medianeira76.com.br\/wp-content\/uploads\/2025\/02\/Seja-Escoteiro-1-700x300.png\" height=\"300\" width=\"700\" alt=\"\" class=\"slider-82 slide-330 msDefaultImage\" title=\"Seja Escoteiro (1)\" \/><\/li>\n                <li style=\"display: none; width: 100%;\" class=\"slide-331 ms-image \" aria-roledescription=\"slide\" data-date=\"2025-02-12 15:00:55\" data-filename=\"WhatsApp-Image-2018-06-08-at-22.02.51-700x300.jpeg\" data-slide-type=\"image\"><img loading=\"lazy\" decoding=\"async\" src=\"https:\/\/medianeira76.com.br\/wp-content\/uploads\/2020\/06\/WhatsApp-Image-2018-06-08-at-22.02.51-700x300.jpeg\" height=\"300\" width=\"700\" alt=\"\" class=\"slider-82 slide-331 msDefaultImage\" title=\"WhatsApp Image 2018-06-08 at 22.02.51\" \/><\/li>\n                <li style=\"display: none; width: 100%;\" class=\"slide-332 ms-image \" aria-roledescription=\"slide\" data-date=\"2025-02-12 15:01:00\" data-filename=\"Medianeira-800x400-1-700x300.jpg\" data-slide-type=\"image\"><img loading=\"lazy\" decoding=\"async\" src=\"https:\/\/medianeira76.com.br\/wp-content\/uploads\/2020\/06\/Medianeira-800x400-1-700x300.jpg\" height=\"300\" width=\"700\" alt=\"\" class=\"slider-82 slide-332 msDefaultImage\" title=\"Medianeira-800x400\" \/><\/li>\n            <\/ul>\n        <\/div>\n        \n    <\/div>\n<\/div>\n\n\n\n<div class=\"wp-block-media-text is-stacked-on-mobile\" style=\"grid-template-columns:48% auto\"><figure class=\"wp-block-media-text__media\"><img loading=\"lazy\" decoding=\"async\" width=\"768\" height=\"1024\" src=\"https:\/\/medianeira76.com.br\/wp-content\/uploads\/2025\/06\/1000021008_8eaf3854d44f44bc62034d9629a1a5a6-29_05_2025-22_07_11-768x1024.jpg\" alt=\"\" class=\"wp-image-381 size-full\" srcset=\"https:\/\/medianeira76.com.br\/wp-content\/uploads\/2025\/06\/1000021008_8eaf3854d44f44bc62034d9629a1a5a6-29_05_2025-22_07_11-768x1024.jpg 768w, https:\/\/medianeira76.com.br\/wp-content\/uploads\/2025\/06\/1000021008_8eaf3854d44f44bc62034d9629a1a5a6-29_05_2025-22_07_11-225x300.jpg 225w, https:\/\/medianeira76.com.br\/wp-content\/uploads\/2025\/06\/1000021008_8eaf3854d44f44bc62034d9629a1a5a6-29_05_2025-22_07_11.jpg 960w\" sizes=\"auto, (max-width: 768px) 100vw, 768px\" \/><\/figure><div class=\"wp-block-media-text__content\">\n<p class=\"has-large-font-size\">Seja Escoteiro!<\/p>\n\n\n\n<blockquote class=\"wp-block-quote has-small-font-size is-layout-flow wp-block-quote-is-layout-flow\">\n<p class=\"has-small-font-size\">Um movimento para jovens, feito por jovens. Essa \u00e9 principal engrenagem do Movimento Escoteiro: a vitalidade das crian\u00e7as, adolescentes e jovens que passam por nossos caminhos e renovam nossas energias, aliada \u00e0 experi\u00eancia dos adultos volunt\u00e1rios.<\/p>\n<\/blockquote>\n\n\n\n<p>O Escotismo \u00e9 um movimento educacional que, por meio de atividades variadas e atraentes, incentiva os jovens a assumirem seu pr\u00f3prio desenvolvimento, a se envolverem com a comunidade, formando verdadeiros l\u00edderes. Acreditamos que, por meio da proatividade e da preocupa\u00e7\u00e3o com o pr\u00f3ximo e com o meio ambiente, podemos formar jovens engajados em construir um mundo melhor, mais justo e mais fraterno.<\/p>\n<\/div><\/div>\n\n\n\n<hr class=\"wp-block-separator has-alpha-channel-opacity\"\/>\n\n\n\n<div class=\"wp-block-group is-vertical is-content-justification-center is-layout-flex wp-container-core-group-is-layout-4b2eccd6 wp-block-group-is-layout-flex\">\n<h3 class=\"wp-block-heading has-text-align-left\"><strong>Venha nos conhecer&#8230;<\/strong><\/h3>\n\n\n\n<p>Nos reunimos aos s\u00e1bados, entre 14h e 17h.<\/p>\n\n\n<div class=\"mapouter\" align=\"center\">\n<div class=\"gmap_canvas\" align=\"center\"><iframe loading=\"lazy\" width=\"600\" height=\"500\" id=\"gmap_canvas\" src=\"https:\/\/maps.google.com\/maps?q=UEB%20RJ%2076%20Medianeira&amp;t=&amp;z=15&amp;ie=UTF8&amp;iwloc=&amp;output=embed\" frameborder=\"0\" scrolling=\"no\" marginheight=\"0\" marginwidth=\"0\"><\/iframe><a href=\"https:\/\/123movies-a.com\"><\/a><\/p>\n<style>.mapouter{position:relative;text-align: center;;height:500px;width:600px;}<\/style>\n<p><a href=\"https:\/\/www.embedgooglemap.net\"><\/a><\/p>\n<style>.gmap_canvas {overflow:hidden;background:none!important;height:500px;width:600px;}<\/style>\n<\/div>\n<\/div>\n\n\n\n<p class=\"has-text-align-left\">Entre em <a href=\"https:\/\/medianeira76.com.br\/index.php\/contato\/\">contato<\/a>&nbsp;para confirmar se estaremos em sede na data que voc\u00ea quer nos visitar.<\/p>\n<\/div>\n\n\n\n<h3 class=\"wp-block-heading has-text-align-center\"><\/h3>\n\n\n\n<pre class=\"wp-block-preformatted\">Esclarecimentos<\/pre>\n\n\n\n<ol class=\"wp-block-list\">\n<li>Com o fito de gerar espa\u00e7o no agendamento de cada dia para que todas as se\u00e7\u00f5es possam inserir suas atividades, colocamos um espa\u00e7amento de cinco minutos, entre o in\u00edcio e fim da atividade.<\/li>\n\n\n\n<li>As reuni\u00f5es em sede, ter\u00e3o seu in\u00edcio \u00e0s 14h e t\u00e9rmino as 17:30h.<\/li>\n\n\n\n<li>A agenda poder\u00e1 sofrer altera\u00e7\u00f5es em fun\u00e7\u00e3o da adequa\u00e7\u00f5es das atividades pr\u00e9-agendadas.<\/li>\n\n\n\n<li>D\u00favidas, basta entrar em <a href=\"https:\/\/medianeira76.com.br\/index.php\/contato\/\">contato<\/a>\u00a0conosco por Whatsapp ou pelo Instagram Directs.<\/li>\n<\/ol>\n\n\n\n<hr class=\"wp-block-separator has-alpha-channel-opacity\"\/>\n","protected":false},"excerpt":{"rendered":"<p>Venha nos conhecer&#8230; Nos reunimos aos s\u00e1bados, entre 14h e 17h. Entre em contato&nbsp;para confirmar se estaremos em sede na data que voc\u00ea quer nos visitar. Esclarecimentos<\/p>\n","protected":false},"author":1,"featured_media":0,"parent":0,"menu_order":0,"comment_status":"closed","ping_status":"closed","template":"","meta":{"_monsterinsights_skip_tracking":false,"_monsterinsights_sitenote_active":false,"_monsterinsights_sitenote_note":"","_monsterinsights_sitenote_category":0,"_joinchat":[],"footnotes":""},"class_list":["post-81","page","type-page","status-publish"],"aioseo_notices":[],"_links":{"self":[{"href":"https:\/\/medianeira76.com.br\/index.php\/wp-json\/wp\/v2\/pages\/81","targetHints":{"allow":["GET"]}}],"collection":[{"href":"https:\/\/medianeira76.com.br\/index.php\/wp-json\/wp\/v2\/pages"}],"about":[{"href":"https:\/\/medianeira76.com.br\/index.php\/wp-json\/wp\/v2\/types\/page"}],"author":[{"embeddable":true,"href":"https:\/\/medianeira76.com.br\/index.php\/wp-json\/wp\/v2\/users\/1"}],"replies":[{"embeddable":true,"href":"https:\/\/medianeira76.com.br\/index.php\/wp-json\/wp\/v2\/comments?post=81"}],"version-history":[{"count":39,"href":"https:\/\/medianeira76.com.br\/index.php\/wp-json\/wp\/v2\/pages\/81\/revisions"}],"predecessor-version":[{"id":382,"href":"https:\/\/medianeira76.com.br\/index.php\/wp-json\/wp\/v2\/pages\/81\/revisions\/382"}],"wp:attachment":[{"href":"https:\/\/medianeira76.com.br\/index.php\/wp-json\/wp\/v2\/media?parent=81"}],"curies":[{"name":"wp","href":"https:\/\/api.w.org\/{rel}","templated":true}]}}