{"id":56,"date":"2020-06-05T13:46:36","date_gmt":"2020-06-05T16:46:36","guid":{"rendered":"https:\/\/medianeira76.com.br\/?page_id=56"},"modified":"2025-02-12T23:55:14","modified_gmt":"2025-02-13T02:55:14","slug":"mensalidades","status":"publish","type":"page","link":"https:\/\/medianeira76.com.br\/index.php\/mensalidades\/","title":{"rendered":"Mensalidades"},"content":{"rendered":"\n<p>O movimento escoteiro n\u00e3o tem fins lucrativos, mas o grupo tem muitos custos, como registro junto \u00e0 UEB dos volunt\u00e1rios, capacita\u00e7\u00e3o dos adultos, material de uso coletivo, entre outros. Assim o grupo necessita da contribui\u00e7\u00e3o financeira de cada associado. <\/p>\n\n\n\n<p>A contribui\u00e7\u00e3o dos associados \u00e9 mensal, atualmente (ano de 2022) no valor de R$ 50 (cinquenta reais), com vencimento sempre no 2o s\u00e1bado do m\u00eas. Este valor \u00e9 revisto a cada ano em fun\u00e7\u00e3o do planejamento financeiro do ano.<\/p>\n\n\n\n<p>Toda a movimenta\u00e7\u00e3o financeira do grupo \u00e9 acompanhada pela comiss\u00e3o fiscal, eleita pela assembleia de associados (pais, respons\u00e1veis e volunt\u00e1rios).<\/p>\n\n\n\n<p>A assembleia tamb\u00e9m avalia a presta\u00e7\u00e3o de contas a cada ano.<\/p>\n\n\n\n<p><\/p>\n\n\n\n<h1 class=\"wp-block-heading\">Inscri\u00e7\u00e3o<\/h1>\n\n\n\n<p>Novos membros pagam uma taxa de inscri\u00e7\u00e3o (valor de R$ 180 em 2022) que inclui o registro anual na UEB, a primeira mensalidade, uma camiseta do grupo, o len\u00e7o do grupo e um anel de len\u00e7o, uma sacola reutiliz\u00e1vel, pasta para documentos e um manual de associado. <\/p>\n\n\n\n<h1 class=\"wp-block-heading\">Descontos<\/h1>\n\n\n\n<p>Temos alguns descontos para incentivar a pr\u00e1tica escoteira (descontos cumulativos):<\/p>\n\n\n\n<ul class=\"wp-block-list\">\n<li>Dois irm\u00e3os ou primos: desconto de uma mensalidade por ano;<\/li>\n\n\n\n<li>Tr\u00eas irm\u00e3os: desconto de duas mensalidades por ano;<\/li>\n\n\n\n<li>Pagamento antecipado de todas mensalidades (pagamento como anuidade): desconto de uma mensalidade;<\/li>\n\n\n\n<li>Pagamento antecipado (mais de 30 dias): 5% desconto;<\/li>\n<\/ul>\n\n\n\n<h2 class=\"wp-block-heading\">Forma de pagamento:<\/h2>\n\n\n\n<ul class=\"wp-block-list\">\n<li>Dinheiro (aos s\u00e1bados na sede)<\/li>\n\n\n\n<li>PIX<\/li>\n\n\n\n<li>Cart\u00f5es de d\u00e9bito \/ cr\u00e9dito<\/li>\n\n\n\n<li>Plano se assinatura no cart\u00e3o de cr\u00e9dito<\/li>\n<\/ul>\n\n\n\n<h2 class=\"wp-block-heading\">D\u00favidas:<\/h2>\n\n\n\n<div class=\"wp-block-joinchat-button joinchat-button--qr-both has-border-color\" style=\"border-color:#25d366;border-style:solid;border-width:6px;border-radius:30px\"><figure><figcaption>Escanear o c\u00f3digo<\/figcaption><a class=\"joinchat-button__qr has-border-color\" style=\"border-color:#25d366;border-style:solid;border-width:6px;border-radius:30px\" href=\"#whatsapp\"><\/a><\/figure><a class=\"wp-block-button__link joinchat-button__link has-ffffff-color has-text-color has-background has-border-color\" style=\"border-color:#25d366;border-style:solid;border-width:6px;border-radius:30px;background-color:#25d366\" href=\"#whatsapp\"><span><strong>Open Chat<\/strong><\/span><\/a><\/div>\n\n\n\n<div class=\"wp-block-contact-form-7-contact-form-selector\">\n<div class=\"wpcf7 no-js\" id=\"wpcf7-f344-o1\" lang=\"pt-BR\" dir=\"ltr\" data-wpcf7-id=\"344\">\n<div class=\"screen-reader-response\"><p role=\"status\" aria-live=\"polite\" aria-atomic=\"true\"><\/p> <ul><\/ul><\/div>\n<form action=\"\/index.php\/wp-json\/wp\/v2\/pages\/56#wpcf7-f344-o1\" method=\"post\" class=\"wpcf7-form init\" aria-label=\"Formul\u00e1rios de contato\" novalidate=\"novalidate\" data-status=\"init\">\n<fieldset class=\"hidden-fields-container\"><input type=\"hidden\" name=\"_wpcf7\" value=\"344\" \/><input type=\"hidden\" name=\"_wpcf7_version\" value=\"6.1.5\" \/><input type=\"hidden\" name=\"_wpcf7_locale\" value=\"pt_BR\" \/><input type=\"hidden\" name=\"_wpcf7_unit_tag\" value=\"wpcf7-f344-o1\" \/><input type=\"hidden\" name=\"_wpcf7_container_post\" value=\"0\" \/><input type=\"hidden\" name=\"_wpcf7_posted_data_hash\" value=\"\" \/><input type=\"hidden\" name=\"_wpcf7_recaptcha_response\" value=\"\" \/>\n<\/fieldset>\n<p><label> Seu nome<br \/>\n<span class=\"wpcf7-form-control-wrap\" data-name=\"your-name\"><input size=\"40\" maxlength=\"400\" class=\"wpcf7-form-control wpcf7-text wpcf7-validates-as-required\" autocomplete=\"name\" aria-required=\"true\" aria-invalid=\"false\" value=\"\" type=\"text\" name=\"your-name\" \/><\/span> <\/label>\n<\/p>\n<p><label> Seu e-mail<br \/>\n<span class=\"wpcf7-form-control-wrap\" data-name=\"your-email\"><input size=\"40\" maxlength=\"400\" class=\"wpcf7-form-control wpcf7-email wpcf7-validates-as-required wpcf7-text wpcf7-validates-as-email\" autocomplete=\"email\" aria-required=\"true\" aria-invalid=\"false\" value=\"\" type=\"email\" name=\"your-email\" \/><\/span> <\/label>\n<\/p>\n<p><label> Assunto<br \/>\n<span class=\"wpcf7-form-control-wrap\" data-name=\"your-subject\"><input size=\"40\" maxlength=\"400\" class=\"wpcf7-form-control wpcf7-text wpcf7-validates-as-required\" aria-required=\"true\" aria-invalid=\"false\" value=\"\" type=\"text\" name=\"your-subject\" \/><\/span> <\/label>\n<\/p>\n<p><label> Sua mensagem (opcional)<br \/>\n<span class=\"wpcf7-form-control-wrap\" data-name=\"your-message\"><textarea cols=\"40\" rows=\"10\" maxlength=\"2000\" class=\"wpcf7-form-control wpcf7-textarea\" aria-invalid=\"false\" name=\"your-message\"><\/textarea><\/span> <\/label>\n<\/p>\n<p><input class=\"wpcf7-form-control wpcf7-submit has-spinner\" type=\"submit\" value=\"Enviar\" \/>\n<\/p><div class=\"wpcf7-response-output\" aria-hidden=\"true\"><\/div>\n<\/form>\n<\/div>\n<\/div>\n\n\n","protected":false},"excerpt":{"rendered":"<p>O movimento escoteiro n\u00e3o tem fins lucrativos, mas o grupo tem muitos custos, como registro junto \u00e0 UEB dos volunt\u00e1rios, capacita\u00e7\u00e3o dos adultos, material de uso coletivo, entre outros. Assim o grupo necessita da contribui\u00e7\u00e3o financeira de cada associado. A contribui\u00e7\u00e3o dos associados \u00e9 mensal, atualmente (ano de 2022) no valor de R$ 50 (cinquenta &#8230; <a title=\"Mensalidades\" class=\"read-more\" href=\"https:\/\/medianeira76.com.br\/index.php\/mensalidades\/\" aria-label=\"Read more about Mensalidades\">Ler mais<\/a><\/p>\n","protected":false},"author":1,"featured_media":0,"parent":0,"menu_order":0,"comment_status":"closed","ping_status":"closed","template":"","meta":{"_monsterinsights_skip_tracking":false,"_monsterinsights_sitenote_active":false,"_monsterinsights_sitenote_note":"","_monsterinsights_sitenote_category":0,"_joinchat":[],"footnotes":""},"class_list":["post-56","page","type-page","status-publish"],"aioseo_notices":[],"_links":{"self":[{"href":"https:\/\/medianeira76.com.br\/index.php\/wp-json\/wp\/v2\/pages\/56","targetHints":{"allow":["GET"]}}],"collection":[{"href":"https:\/\/medianeira76.com.br\/index.php\/wp-json\/wp\/v2\/pages"}],"about":[{"href":"https:\/\/medianeira76.com.br\/index.php\/wp-json\/wp\/v2\/types\/page"}],"author":[{"embeddable":true,"href":"https:\/\/medianeira76.com.br\/index.php\/wp-json\/wp\/v2\/users\/1"}],"replies":[{"embeddable":true,"href":"https:\/\/medianeira76.com.br\/index.php\/wp-json\/wp\/v2\/comments?post=56"}],"version-history":[{"count":4,"href":"https:\/\/medianeira76.com.br\/index.php\/wp-json\/wp\/v2\/pages\/56\/revisions"}],"predecessor-version":[{"id":359,"href":"https:\/\/medianeira76.com.br\/index.php\/wp-json\/wp\/v2\/pages\/56\/revisions\/359"}],"wp:attachment":[{"href":"https:\/\/medianeira76.com.br\/index.php\/wp-json\/wp\/v2\/media?parent=56"}],"curies":[{"name":"wp","href":"https:\/\/api.w.org\/{rel}","templated":true}]}}