{"id":54,"date":"2020-06-05T13:46:22","date_gmt":"2020-06-05T16:46:22","guid":{"rendered":"https:\/\/medianeira76.com.br\/?page_id=54"},"modified":"2020-06-06T15:28:44","modified_gmt":"2020-06-06T18:28:44","slug":"pioneiro","status":"publish","type":"page","link":"https:\/\/medianeira76.com.br\/index.php\/pioneiro\/","title":{"rendered":"Pioneiro"},"content":{"rendered":"\n<p>A partir dos 18 anos, e at\u00e9 os 21 incompletos, integramos o Ramo Pioneiro. Nossa equipe forma o cl\u00e3, e \u00e9 onde nos apoiamos e descobrimos interesses em comum. Levamos a s\u00e9rio nosso lema \u201cServir\u201d, j\u00e1 que vivemos uma aventura que n\u00e3o \u00e9 mais simb\u00f3lica ou imagin\u00e1ria, pois experimentamos o papel real do adulto por meio do servi\u00e7o e das atividades de desenvolvimento comunit\u00e1rio.<\/p>\n\n\n\n<p>O cotidiano no cl\u00e3 nos d\u00e1 bastante liberdade, mas j\u00e1 estamos cientes da responsabilidade que isso traz \u2013 somos n\u00f3s que organizamos nossas pr\u00f3prias atividades. Esse \u00e9 o per\u00edodo em que entramos na vida adulta, e estamos concluindo a forma\u00e7\u00e3o de nossos valores e princ\u00edpios.<\/p>\n\n\n\n<p>Mesmo estando no cl\u00e3, j\u00e1 podemos participar como adultos volunt\u00e1rios em outros Ramos atuar ativamente em nossas comunidades. Prestes a completar 21 anos, \u00e9 chegada a hora de encerrar nossa caminhada como jovem no Movimento Escoteiro. A Cerim\u00f4nia de Partida marca essa etapa, que pode ser seguida pela vida escoteira no papel de volunt\u00e1rio, como escotista ou dirigente.<\/p>\n\n\n\n<p class=\"has-small-font-size\"><em>Fonte: <a href=\"https:\/\/www.escoteiros.org.br\/ramo-pioneiro\/\">https:\/\/www.escoteiros.org.br\/ramo-pioneiro\/<\/a><\/em><\/p>\n","protected":false},"excerpt":{"rendered":"<p>A partir dos 18 anos, e at\u00e9 os 21 incompletos, integramos o Ramo Pioneiro. Nossa equipe forma o cl\u00e3, e \u00e9 onde nos apoiamos e descobrimos interesses em comum. Levamos a s\u00e9rio nosso lema \u201cServir\u201d, j\u00e1 que vivemos uma aventura que n\u00e3o \u00e9 mais simb\u00f3lica ou imagin\u00e1ria, pois experimentamos o papel real do adulto por &#8230; <a title=\"Pioneiro\" class=\"read-more\" href=\"https:\/\/medianeira76.com.br\/index.php\/pioneiro\/\" aria-label=\"Read more about Pioneiro\">Ler mais<\/a><\/p>\n","protected":false},"author":1,"featured_media":0,"parent":0,"menu_order":0,"comment_status":"closed","ping_status":"closed","template":"","meta":{"_monsterinsights_skip_tracking":false,"_monsterinsights_sitenote_active":false,"_monsterinsights_sitenote_note":"","_monsterinsights_sitenote_category":0,"_joinchat":[],"footnotes":""},"class_list":["post-54","page","type-page","status-publish"],"aioseo_notices":[],"_links":{"self":[{"href":"https:\/\/medianeira76.com.br\/index.php\/wp-json\/wp\/v2\/pages\/54","targetHints":{"allow":["GET"]}}],"collection":[{"href":"https:\/\/medianeira76.com.br\/index.php\/wp-json\/wp\/v2\/pages"}],"about":[{"href":"https:\/\/medianeira76.com.br\/index.php\/wp-json\/wp\/v2\/types\/page"}],"author":[{"embeddable":true,"href":"https:\/\/medianeira76.com.br\/index.php\/wp-json\/wp\/v2\/users\/1"}],"replies":[{"embeddable":true,"href":"https:\/\/medianeira76.com.br\/index.php\/wp-json\/wp\/v2\/comments?post=54"}],"version-history":[{"count":2,"href":"https:\/\/medianeira76.com.br\/index.php\/wp-json\/wp\/v2\/pages\/54\/revisions"}],"predecessor-version":[{"id":75,"href":"https:\/\/medianeira76.com.br\/index.php\/wp-json\/wp\/v2\/pages\/54\/revisions\/75"}],"wp:attachment":[{"href":"https:\/\/medianeira76.com.br\/index.php\/wp-json\/wp\/v2\/media?parent=54"}],"curies":[{"name":"wp","href":"https:\/\/api.w.org\/{rel}","templated":true}]}}