{"id":50,"date":"2020-06-05T13:46:01","date_gmt":"2020-06-05T16:46:01","guid":{"rendered":"https:\/\/medianeira76.com.br\/?page_id=50"},"modified":"2020-06-06T15:25:54","modified_gmt":"2020-06-06T18:25:54","slug":"escoteiro","status":"publish","type":"page","link":"https:\/\/medianeira76.com.br\/index.php\/escoteiro\/","title":{"rendered":"Escoteiro"},"content":{"rendered":"\n<p>Entre os 11 e 14 anos, fazemos parte do Ramo Escoteiro \u2013 somos patrulhas de 5 a 8 jovens, de meninos e meninas, que juntas formam uma tropa. Aqui, al\u00e9m de trabalhar em equipe e entender a import\u00e2ncia de respeitar a natureza, aprendemos diversas coisas que nos deixam mais confiantes e decididos.<\/p>\n\n\n\n<p>Cada patrulha tem seu pr\u00f3prio bast\u00e3o e bandeirola, onde gravamos lembran\u00e7as marcantes de nossa experi\u00eancia juntos, assim como o livro de patrulha, que tem todas as informa\u00e7\u00f5es sobre os membros e fotografias das nossas a\u00e7\u00f5es. Elegemos um monitor, que age como um l\u00edder dentro de nosso grupo, e desenvolvemos algumas atividades por conta pr\u00f3pria, como ir ao cinema, jogar algum jogo, etc.<\/p>\n\n\n\n<p>Atividades como acampamentos e excurs\u00f5es fazem parte da nossa viv\u00eancia no Ramo Escoteiro, sempre com o acompanhamento de adultos. Com nosso lema \u201cSempre Alerta\u201d, estamos interessados em descobrir coisas novas e estar cercados de amigos.<\/p>\n\n\n\n<p>Antes de completar 15 anos, passamos por um per\u00edodo de transi\u00e7\u00e3o em que nos adaptamos \u00e0 realidade do Ramo S\u00eanior, e nos despedimos da tropa escoteira com a Cerim\u00f4nia de Passagem.<\/p>\n\n\n\n<p class=\"has-small-font-size\"><em>Fonte: <a href=\"https:\/\/www.escoteiros.org.br\/ramo-escoteiro\/\">https:\/\/www.escoteiros.org.br\/ramo-escoteiro\/<\/a><\/em><\/p>\n","protected":false},"excerpt":{"rendered":"<p>Entre os 11 e 14 anos, fazemos parte do Ramo Escoteiro \u2013 somos patrulhas de 5 a 8 jovens, de meninos e meninas, que juntas formam uma tropa. Aqui, al\u00e9m de trabalhar em equipe e entender a import\u00e2ncia de respeitar a natureza, aprendemos diversas coisas que nos deixam mais confiantes e decididos. Cada patrulha tem &#8230; <a title=\"Escoteiro\" class=\"read-more\" href=\"https:\/\/medianeira76.com.br\/index.php\/escoteiro\/\" aria-label=\"Read more about Escoteiro\">Ler mais<\/a><\/p>\n","protected":false},"author":1,"featured_media":0,"parent":0,"menu_order":0,"comment_status":"closed","ping_status":"closed","template":"","meta":{"_monsterinsights_skip_tracking":false,"_monsterinsights_sitenote_active":false,"_monsterinsights_sitenote_note":"","_monsterinsights_sitenote_category":0,"_joinchat":[],"footnotes":""},"class_list":["post-50","page","type-page","status-publish"],"aioseo_notices":[],"_links":{"self":[{"href":"https:\/\/medianeira76.com.br\/index.php\/wp-json\/wp\/v2\/pages\/50","targetHints":{"allow":["GET"]}}],"collection":[{"href":"https:\/\/medianeira76.com.br\/index.php\/wp-json\/wp\/v2\/pages"}],"about":[{"href":"https:\/\/medianeira76.com.br\/index.php\/wp-json\/wp\/v2\/types\/page"}],"author":[{"embeddable":true,"href":"https:\/\/medianeira76.com.br\/index.php\/wp-json\/wp\/v2\/users\/1"}],"replies":[{"embeddable":true,"href":"https:\/\/medianeira76.com.br\/index.php\/wp-json\/wp\/v2\/comments?post=50"}],"version-history":[{"count":2,"href":"https:\/\/medianeira76.com.br\/index.php\/wp-json\/wp\/v2\/pages\/50\/revisions"}],"predecessor-version":[{"id":73,"href":"https:\/\/medianeira76.com.br\/index.php\/wp-json\/wp\/v2\/pages\/50\/revisions\/73"}],"wp:attachment":[{"href":"https:\/\/medianeira76.com.br\/index.php\/wp-json\/wp\/v2\/media?parent=50"}],"curies":[{"name":"wp","href":"https:\/\/api.w.org\/{rel}","templated":true}]}}