{"id":48,"date":"2020-06-05T13:45:50","date_gmt":"2020-06-05T16:45:50","guid":{"rendered":"https:\/\/medianeira76.com.br\/?page_id=48"},"modified":"2020-06-06T15:13:31","modified_gmt":"2020-06-06T18:13:31","slug":"lobinho","status":"publish","type":"page","link":"https:\/\/medianeira76.com.br\/index.php\/lobinho\/","title":{"rendered":"Lobinho"},"content":{"rendered":"\n<p>Entre os 6,5 e os 10 anos, somos lobinhos. Aprendemos muito sobre a vida em meio \u00e0 natureza, a viver em grupo e desenvolvemos nossa lideran\u00e7a. \u201cO livro da J\u00e2ngal\u201d, que retrata as aventuras de Mowgli, o menino lobo, \u00e9 o que inspira a organiza\u00e7\u00e3o do Ramo Lobinho \u2013 juntos, formamos uma alcateia, que \u00e9 dividida em pequenos grupos chamados matilhas.<\/p>\n\n\n\n<p>Cada matilha tem de quatro a seis lobinhos, entre meninos e meninas, e esse grupo nos acompanha durante todo o per\u00edodo em que ficamos nesse Ramo.<\/p>\n\n\n\n<p>Com esses amigos, fazemos jogos, brincadeiras, vivemos aventuras, aprendemos sobre a import\u00e2ncia da boa a\u00e7\u00e3o di\u00e1ria e ainda somos incentivados a fazer sempre o nosso Melhor Poss\u00edvel; esse inclusive \u00e9 o nosso lema.<\/p>\n\n\n\n<p>Temos nossa pr\u00f3pria lei, a Lei do Lobinho, que traz cinco artigos:<br>\u2022 O Lobinho ouve sempre os Velhos Lobos;<br>\u2022 O Lobinho pensa primeiro no outros;<br>\u2022 O Lobinho abre os olhos e os ouvidos;<br>\u2022 O lobinho \u00e9 limpo e est\u00e1 sempre alegre;<br>\u2022 O Lobinho diz sempre a verdade.<\/p>\n\n\n\n<p>Antes que possamos completar 11 anos, somos encaminhados para o Ramo Escoteiro. Nesse per\u00edodo, \u00e9 feita uma Cerim\u00f4nia de Passagem para que possamos nos despedir da alcateia.<\/p>\n\n\n\n<p class=\"has-small-font-size\"><em>Fonte: <a href=\"https:\/\/www.escoteiros.org.br\/ramo-lobinho\/\">https:\/\/www.escoteiros.org.br\/ramo-lobinho\/<\/a><\/em><\/p>\n","protected":false},"excerpt":{"rendered":"<p>Entre os 6,5 e os 10 anos, somos lobinhos. Aprendemos muito sobre a vida em meio \u00e0 natureza, a viver em grupo e desenvolvemos nossa lideran\u00e7a. \u201cO livro da J\u00e2ngal\u201d, que retrata as aventuras de Mowgli, o menino lobo, \u00e9 o que inspira a organiza\u00e7\u00e3o do Ramo Lobinho \u2013 juntos, formamos uma alcateia, que \u00e9 &#8230; <a title=\"Lobinho\" class=\"read-more\" href=\"https:\/\/medianeira76.com.br\/index.php\/lobinho\/\" aria-label=\"Read more about Lobinho\">Ler mais<\/a><\/p>\n","protected":false},"author":1,"featured_media":0,"parent":0,"menu_order":0,"comment_status":"closed","ping_status":"closed","template":"","meta":{"_monsterinsights_skip_tracking":false,"_monsterinsights_sitenote_active":false,"_monsterinsights_sitenote_note":"","_monsterinsights_sitenote_category":0,"_joinchat":[],"footnotes":""},"class_list":["post-48","page","type-page","status-publish"],"aioseo_notices":[],"_links":{"self":[{"href":"https:\/\/medianeira76.com.br\/index.php\/wp-json\/wp\/v2\/pages\/48","targetHints":{"allow":["GET"]}}],"collection":[{"href":"https:\/\/medianeira76.com.br\/index.php\/wp-json\/wp\/v2\/pages"}],"about":[{"href":"https:\/\/medianeira76.com.br\/index.php\/wp-json\/wp\/v2\/types\/page"}],"author":[{"embeddable":true,"href":"https:\/\/medianeira76.com.br\/index.php\/wp-json\/wp\/v2\/users\/1"}],"replies":[{"embeddable":true,"href":"https:\/\/medianeira76.com.br\/index.php\/wp-json\/wp\/v2\/comments?post=48"}],"version-history":[{"count":2,"href":"https:\/\/medianeira76.com.br\/index.php\/wp-json\/wp\/v2\/pages\/48\/revisions"}],"predecessor-version":[{"id":72,"href":"https:\/\/medianeira76.com.br\/index.php\/wp-json\/wp\/v2\/pages\/48\/revisions\/72"}],"wp:attachment":[{"href":"https:\/\/medianeira76.com.br\/index.php\/wp-json\/wp\/v2\/media?parent=48"}],"curies":[{"name":"wp","href":"https:\/\/api.w.org\/{rel}","templated":true}]}}