{"id":33,"date":"2020-06-05T13:44:02","date_gmt":"2020-06-05T16:44:02","guid":{"rendered":"https:\/\/medianeira76.com.br\/?page_id=33"},"modified":"2022-06-07T14:31:56","modified_gmt":"2022-06-07T17:31:56","slug":"dados-corporativos","status":"publish","type":"page","link":"https:\/\/medianeira76.com.br\/index.php\/dados-corporativos\/","title":{"rendered":"Dados Corporativos"},"content":{"rendered":"\n<pre class=\"wp-block-preformatted\"><strong>76 GRUPO ESCOTEIRO RJ - NOSSA SENHORA MEDIANEIRA<\/strong>\n\n\nRua Conde de Bonfim, n. 1067 fundos, Col\u00e9gio Marista S\u00e3o Jos\u00e9 - Tijuca\nRio de Janeiro - RJ<\/pre>\n\n\n\n<h3 class=\"wp-block-heading\"><a href=\"https:\/\/medianeira76.com.br\/wp-content\/uploads\/2020\/08\/76GE_ESTATUTO-MAI-2010.pdf\" target=\"_blank\" rel=\"noreferrer noopener\">Estatuto do Medianeira<\/a><\/h3>\n\n\n\n<h3 class=\"wp-block-heading\"><a href=\"https:\/\/medianeira76.com.br\/wp-content\/uploads\/2020\/08\/76GE_REGULAMENTO-FEV-2019.pdf\" target=\"_blank\" rel=\"noreferrer noopener\">Regulamento do Medianeira <\/a><\/h3>\n\n\n\n<p><\/p>\n","protected":false},"excerpt":{"rendered":"<p>76 GRUPO ESCOTEIRO RJ &#8211; NOSSA SENHORA MEDIANEIRA Rua Conde de Bonfim, n. 1067 fundos, Col\u00e9gio Marista S\u00e3o Jos\u00e9 &#8211; Tijuca Rio de Janeiro &#8211; RJ Estatuto do Medianeira Regulamento do Medianeira<\/p>\n","protected":false},"author":1,"featured_media":0,"parent":0,"menu_order":0,"comment_status":"closed","ping_status":"closed","template":"","meta":{"_monsterinsights_skip_tracking":false,"_monsterinsights_sitenote_active":false,"_monsterinsights_sitenote_note":"","_monsterinsights_sitenote_category":0,"_joinchat":[],"footnotes":""},"class_list":["post-33","page","type-page","status-publish"],"aioseo_notices":[],"_links":{"self":[{"href":"https:\/\/medianeira76.com.br\/index.php\/wp-json\/wp\/v2\/pages\/33","targetHints":{"allow":["GET"]}}],"collection":[{"href":"https:\/\/medianeira76.com.br\/index.php\/wp-json\/wp\/v2\/pages"}],"about":[{"href":"https:\/\/medianeira76.com.br\/index.php\/wp-json\/wp\/v2\/types\/page"}],"author":[{"embeddable":true,"href":"https:\/\/medianeira76.com.br\/index.php\/wp-json\/wp\/v2\/users\/1"}],"replies":[{"embeddable":true,"href":"https:\/\/medianeira76.com.br\/index.php\/wp-json\/wp\/v2\/comments?post=33"}],"version-history":[{"count":8,"href":"https:\/\/medianeira76.com.br\/index.php\/wp-json\/wp\/v2\/pages\/33\/revisions"}],"predecessor-version":[{"id":188,"href":"https:\/\/medianeira76.com.br\/index.php\/wp-json\/wp\/v2\/pages\/33\/revisions\/188"}],"wp:attachment":[{"href":"https:\/\/medianeira76.com.br\/index.php\/wp-json\/wp\/v2\/media?parent=33"}],"curies":[{"name":"wp","href":"https:\/\/api.w.org\/{rel}","templated":true}]}}