{"id":27,"date":"2020-06-05T13:41:25","date_gmt":"2020-06-05T16:41:25","guid":{"rendered":"https:\/\/medianeira76.com.br\/?page_id=27"},"modified":"2020-06-06T16:12:58","modified_gmt":"2020-06-06T19:12:58","slug":"programa-educativo","status":"publish","type":"page","link":"https:\/\/medianeira76.com.br\/index.php\/programa-educativo\/","title":{"rendered":"Programa Educativo"},"content":{"rendered":"\n<p>O Programa Educativo visa atender o Prop\u00f3sito, os Princ\u00edpios e o M\u00e9todo Escoteiro, pontos fundamentais para a pr\u00e1tica do Escotismo. Nove princ\u00edpios fundamentais garantem o sucesso do Programa:<\/p>\n\n\n\n<p>\u2022 Atualiza\u00e7\u00e3o: resultado de reflex\u00f5es constantes sobre as pr\u00e1ticas educativas;<br>\u2022 Relev\u00e2ncia: leva em conta as caracter\u00edsticas culturais, sociais, pol\u00edticas e econ\u00f4micas da sociedade;<br>\u2022 Signific\u00e2ncia: considera atender os interesses e necessidades dos jovens;<br>\u2022 Protagonismo juvenil: coloca o jovem como centro do processo educativo;<br>\u2022 Para todos: precisa adaptar-se \u00e0s diferentes realidades, atendendo jovens de todos os segmentos da sociedade;<br>\u2022 Educa para a vida: deve dar oportunidade para que os jovens cres\u00e7am como pessoas, de maneira progressiva;<br>\u2022 Unidade na diversidade: embora se adapte \u00e0s distintas realidades, o Programa Educativo mant\u00e9m sua unidade;<br>\u2022 Autonomia progressiva: d\u00e1 espa\u00e7o para que os jovens participem dos processos de tomada de decis\u00f5es;<br>\u2022 Vinculado com a realidade: os conte\u00fados do Programa devem estar conectados com as frequentes mudan\u00e7as da sociedade e adequados \u00e0 realidade de cada ambiente.<\/p>\n\n\n\n<p>Al\u00e9m disso, sete elementos completam o Programa Educativo, abordado de forma ampla nos Manuais do Escotista de cada Ramo:<\/p>\n\n\n\n<p>\u2022 Organiza\u00e7\u00e3o em Ramos: adapta o M\u00e9todo Escoteiro \u00e0s necessidades e caracter\u00edsticas de cada faixa et\u00e1ria;<br>\u2022 \u00c1reas de desenvolvimento: estabelece seis \u00e1reas de desenvolvimento: social, afetivo, de car\u00e1ter, intelectual, espiritual e f\u00edsico;<br>\u2022 Objetivos educativos e compet\u00eancias: confere coer\u00eancia, continuidade e complexidade crescente ao processo educativo;<br>\u2022 Sistema de progress\u00e3o pessoal: estimula os jovens a assumir a responsabilidade por seu pr\u00f3prio desenvolvimento;<br>\u2022 Inst\u00e2ncias democr\u00e1ticas de tomada de decis\u00e3o: possibilita que os jovens participem dos processos de tomada de decis\u00e3o em cada Ramo;<br>\u2022 Planejamento participativo de atividades: permite que os jovens participem junto com os adultos educadores do processo de planejamento, execu\u00e7\u00e3o e avalia\u00e7\u00e3o das atividades;<br>\u2022 Atividades educativas: oferece aos jovens a possibilidade de adquirir conhecimentos, habilidades e atitudes correspondentes aos objetivos educativos.<\/p>\n\n\n\n<p>Confira o <a href=\"http:\/\/escoteiros.org.br\/arquivos\/documentos_oficiais\/projeto_educativo_ueb.pdf\" target=\"_blank\" rel=\"noreferrer noopener\">Projeto Educativo<\/a>, documento que cont\u00e9m as Defini\u00e7\u00f5es do Escotismo, nosso Prop\u00f3sito, Princ\u00edpios e M\u00e9todo Educativo.<\/p>\n\n\n\n<p class=\"has-small-font-size\"><em>Fonte: <a href=\"https:\/\/www.escoteiros.org.br\/programa-educativo\/\">https:\/\/www.escoteiros.org.br\/programa-educativo\/<\/a><\/em><\/p>\n","protected":false},"excerpt":{"rendered":"<p>O Programa Educativo visa atender o Prop\u00f3sito, os Princ\u00edpios e o M\u00e9todo Escoteiro, pontos fundamentais para a pr\u00e1tica do Escotismo. Nove princ\u00edpios fundamentais garantem o sucesso do Programa: \u2022 Atualiza\u00e7\u00e3o: resultado de reflex\u00f5es constantes sobre as pr\u00e1ticas educativas;\u2022 Relev\u00e2ncia: leva em conta as caracter\u00edsticas culturais, sociais, pol\u00edticas e econ\u00f4micas da sociedade;\u2022 Signific\u00e2ncia: considera atender os &#8230; <a title=\"Programa Educativo\" class=\"read-more\" href=\"https:\/\/medianeira76.com.br\/index.php\/programa-educativo\/\" aria-label=\"Read more about Programa Educativo\">Ler mais<\/a><\/p>\n","protected":false},"author":1,"featured_media":0,"parent":0,"menu_order":0,"comment_status":"closed","ping_status":"closed","template":"","meta":{"_monsterinsights_skip_tracking":false,"_monsterinsights_sitenote_active":false,"_monsterinsights_sitenote_note":"","_monsterinsights_sitenote_category":0,"_joinchat":[],"footnotes":""},"class_list":["post-27","page","type-page","status-publish"],"aioseo_notices":[],"_links":{"self":[{"href":"https:\/\/medianeira76.com.br\/index.php\/wp-json\/wp\/v2\/pages\/27","targetHints":{"allow":["GET"]}}],"collection":[{"href":"https:\/\/medianeira76.com.br\/index.php\/wp-json\/wp\/v2\/pages"}],"about":[{"href":"https:\/\/medianeira76.com.br\/index.php\/wp-json\/wp\/v2\/types\/page"}],"author":[{"embeddable":true,"href":"https:\/\/medianeira76.com.br\/index.php\/wp-json\/wp\/v2\/users\/1"}],"replies":[{"embeddable":true,"href":"https:\/\/medianeira76.com.br\/index.php\/wp-json\/wp\/v2\/comments?post=27"}],"version-history":[{"count":2,"href":"https:\/\/medianeira76.com.br\/index.php\/wp-json\/wp\/v2\/pages\/27\/revisions"}],"predecessor-version":[{"id":80,"href":"https:\/\/medianeira76.com.br\/index.php\/wp-json\/wp\/v2\/pages\/27\/revisions\/80"}],"wp:attachment":[{"href":"https:\/\/medianeira76.com.br\/index.php\/wp-json\/wp\/v2\/media?parent=27"}],"curies":[{"name":"wp","href":"https:\/\/api.w.org\/{rel}","templated":true}]}}