{"id":25,"date":"2020-06-05T13:40:58","date_gmt":"2020-06-05T16:40:58","guid":{"rendered":"https:\/\/medianeira76.com.br\/?page_id=25"},"modified":"2020-06-06T16:10:23","modified_gmt":"2020-06-06T19:10:23","slug":"metodo-escoteiro","status":"publish","type":"page","link":"https:\/\/medianeira76.com.br\/index.php\/metodo-escoteiro\/","title":{"rendered":"M\u00e9todo Escoteiro"},"content":{"rendered":"\n<p>O M\u00e9todo Escoteiro \u00e9 um sistema de progress\u00e3o que tem a inten\u00e7\u00e3o de estimular as capacidades e interesses de cada jovem. Isso acontece atrav\u00e9s de desafios a serem superados, da viv\u00eancia de aventuras, do incentivo a explora\u00e7\u00e3o, a realiza\u00e7\u00e3o de descobertas, a experimentar coisas novas, inventar e desenvolver a capacidade de achar solu\u00e7\u00f5es; mas sempre respeitando individualmente os limites de cada jovem.<\/p>\n\n\n\n<p>Esse sistema de progress\u00e3o depende da combina\u00e7\u00e3o de cinco elementos para acontecer:<\/p>\n\n\n\n<ol class=\"wp-block-list\"><li>Aceita\u00e7\u00e3o da Lei e da Promessa Escoteira<br>A partir do momento que se realiza a Promessa Escoteira, se aceita a Lei e se firma um compromisso de vida, um c\u00f3digo de \u00e9tica, de comportamento. A aceita\u00e7\u00e3o da Lei e da Promessa s\u00e3o feitas voluntariamente, mas a partir do momento que isso acontece, se espera um esfor\u00e7o para viver de acordo com seus significados.<\/li><li>Aprender fazendo<br>O aprendizado pela pr\u00e1tica \u00e9 uma das bases do Movimento Escoteiro. Os jovens s\u00e3o incentivados a desenvolverem suas habilidades pela a\u00e7\u00e3o, valorizando o treinamento para autonomia baseado na autoconfian\u00e7a e iniciativa, observando os erros como parte da jornada, fonte de aprendizagem, j\u00e1 que s\u00e3o um passo em busca do acerto.<\/li><li>Vida em equipe<br>Desde o ingresso em um grupo escoteiro, a vida em equipe passa a fazer parte da realidade do escoteiro. Esse conv\u00edvio possibilita a descoberta progressiva de responsabilidade e prepara o autocontrole, al\u00e9m de desenvolver a capacidade tanto para liderar quanto para cooperar.<\/li><li>Atividades progressivas, atraentes e variadas<br>\u00c9 por meio das atividades que alcan\u00e7amos nosso prop\u00f3sito, que podemos oferecer aos jovens experi\u00eancias \u00fanicas e agregadoras. Mas para que isso aconte\u00e7a durante toda a vida escoteira, \u00e9 necess\u00e1rio que sejam observadas as caracter\u00edsticas, anseios e necessidades de cada faixa et\u00e1ria, resultando, assim, em um planejamento pr\u00f3prio para cada Ramo, assegurando o interesse e envolvimento do escoteiro.<br>Os jovens v\u00e3o ao grupo para se divertir ao lado de amigos; n\u00f3s utilizamos as atividades para auxili\u00e1-los em seu autodesenvolvimento e educa\u00e7\u00e3o. A programa\u00e7\u00e3o dessas atividades leva em conta um sistema progressivo, em termos de exig\u00eancia de pr\u00e1ticas, habilidades e amadurecimento, oferecendo desafios e aventuras conforme sua evolu\u00e7\u00e3o e viv\u00eancia. As atividades escoteiras compreendem jogos, capacita\u00e7\u00e3o em t\u00e9cnicas \u00fateis estimuladas por um sistema de distintivos, vida ao ar livre, integra\u00e7\u00e3o com a comunidade, entre outros, tudo isso em um ambiente fraterno.<\/li><li>Desenvolvimento pessoal com orienta\u00e7\u00e3o individual<br>A evolu\u00e7\u00e3o de cada jovem \u00e9 acompanhada individualmente por um adulto volunt\u00e1rio, que identifica suas qualidades e defici\u00eancias a fim de orient\u00e1-lo da melhor forma, criando oportunidades para que ele se desenvolva e se supere cada vez mais. Al\u00e9m disso, o volunt\u00e1rio e o jovem criam uma rela\u00e7\u00e3o de amizade e confian\u00e7a, o que permite identificar e trabalhar pontos comportamentais com mais facilidade.<\/li><\/ol>\n\n\n\n<p><strong>Lei Escoteira<\/strong><\/p>\n\n\n\n<p>Quando Baden-Powell idealizou a Lei Escoteira, ele decidiu n\u00e3o estabelecer leis proibitivas, mas criar conceitos para forma\u00e7\u00e3o de pessoas bondosas e de car\u00e1ter, para que, desta forma, o jovem escoteiro tivesse onde se espelhar e pudesse se orientar.<br>A Lei Escoteira tem dez artigos que abordam conceitos como honra, integridade, lealdade, presteza, amizade, cortesia, respeito e prote\u00e7\u00e3o da natureza, responsabilidade, disciplina, coragem, \u00e2nimo, bom-senso, respeito pela propriedade e autoconfian\u00e7a.<\/p>\n\n\n\n<ol class=\"wp-block-list\"><li>O Escoteiro \u00e9 honrado e digno de confian\u00e7a<br>\u201cA honra para um escoteiro \u00e9 ser digno de toda confian\u00e7a. Como escoteiro, nenhuma tenta\u00e7\u00e3o, por maior que seja, ir\u00e1 persuadi-lo a praticar uma a\u00e7\u00e3o desonesta, mesmo muito pequena. Voc\u00ea n\u00e3o voltar\u00e1 atr\u00e1s a uma promessa, uma vez feita. A palavra de um escoteiro equivale a um contrato. Para um escoteiro, a verdade, e nada mais que a verdade.\u201d Baden-Powell<\/li><li>O escoteiro \u00e9 leal<br>\u201cO escoteiro \u00e9 leal \u00e0 P\u00e1tria, \u00e0 Igreja, \u00e0s autoridades do governo, aos seus pais, seus chefes, seus patr\u00f5es e aos que trabalham como seus subordinados. Como um bom cidad\u00e3o, voc\u00ea \u00e9 de uma equipe, jogando o jogo honestamente, para o bem do conjunto. Al\u00e9m disso, voc\u00ea \u00e9 leal tamb\u00e9m a si mesmo; voc\u00ea n\u00e3o quer diminuir seu respeito a si mesmo jogando mal de prop\u00f3sito; nem vai querer decepcionar ou ficar em falta com outro homem, nem, tampouco, com outra mulher.\u201d Baden-Powell<\/li><li>O escoteiro est\u00e1 sempre alerta para ajudar o pr\u00f3ximo e pratica diariamente uma boa a\u00e7\u00e3o<br>\u201cO dever do escoteiro \u00e9 ser \u00fatil e ajudar a todos. Como escoteiro, seu mais alto objetivo \u00e9 servir. Voc\u00ea deve merecer a confian\u00e7a de que, em qualquer ocasi\u00e3o, estar\u00e1 pronto a sacrificar tempo, trabalho, ou, se necess\u00e1rio, a pr\u00f3pria vida pelos demais. O sacrif\u00edcio \u00e9 o sal do servi\u00e7o.\u201d Baden-Powell<\/li><li>O escoteiro \u00e9 amigo de todos e irm\u00e3o dos demais escoteiros<br>\u201c\u00c9 amigo ou irm\u00e3o, n\u00e3o importando a que pa\u00eds, classe ou credo o outro possa pertencer. Como escoteiro, voc\u00ea reconhece as demais pessoas como sendo, com voc\u00ea, filhos do mesmo Pai, e n\u00e3o faz caso de suas diferen\u00e7as de opini\u00e3o, casta, credo ou pa\u00eds, quaisquer que elas sejam. Voc\u00ea domina os pr\u00f3prios preconceitos e procura encontrar as boas qualidades que tenham; o defeito deles qualquer um pode criticar. Se voc\u00ea p\u00f5e em pr\u00e1tica esse amor pelas pessoas de outros pa\u00edses e ajuda a fazer surgir a paz e a boa vontade internacionais, isto ser\u00e1 o Reino de Deus na terra. O mundo inteiro \u00e9 uma fraternidade.\u201d Baden-Powell<\/li><li>O escoteiro \u00e9 cort\u00eas<br>\u201cComo os antigos cavaleiros, voc\u00ea, sendo um escoteiro, \u00e9, sem d\u00favida, polido e atencioso com as mulheres, velhos e crian\u00e7as. Mas, al\u00e9m disso, voc\u00ea \u00e9 polido mesmo com aqueles que est\u00e3o contra voc\u00ea. Aqueles que t\u00eam raz\u00e3o, n\u00e3o precisam perder a calma; aqueles que n\u00e3o t\u00eam raz\u00e3o, n\u00e3o podem se dar ao luxo de perd\u00ea-la.\u201d Baden-Powell<\/li><li>O escoteiro \u00e9 bom para os animais e as plantas<br>\u201cVoc\u00ea reconhecer\u00e1 como companheiras as outras criaturas de Deus, postas, como voc\u00ea, neste mundo, durante certo tempo, para gozar suas exist\u00eancias. Maltratar um animal \u00e9, portanto, um desservi\u00e7o ao Criador. Um escoteiro deve ter um grande cora\u00e7\u00e3o.\u201d Baden-Powell<\/li><li>O escoteiro \u00e9 obediente e disciplinado<br>\u201cO escoteiro obedece, de boa vontade, sem vacilar, \u00e0s ordens de seus pais, monitores e escotistas. Como escoteiro, voc\u00ea se disciplina e p\u00f5e-se, profunda e voluntariamente, \u00e0s ordens das autoridades constitu\u00eddas, para o bem geral. A comunidade mais feliz \u00e9 a comunidade mais disciplinada; a disciplina, por\u00e9m, deve vir do \u00edntimo, e nunca ser imposta de fora. Por isso, tem um grande valor o exemplo que voc\u00ea der aos demais nesse sentido.\u201d Baden-Powell<\/li><li>O escoteiro \u00e9 alegre e sorri nas dificuldades<br>\u201cComo escoteiro voc\u00ea ser\u00e1 visto como o homem que n\u00e3o perde a cabe\u00e7a e que aguenta qualquer crise com \u00e2nimo alegre, coragem e otimismo.\u201d Baden-Powell<\/li><li>O escoteiro \u00e9 econ\u00f4mico e respeita o bem alheio<br>\u201cComo escoteiro, voc\u00ea olhar\u00e1 para o futuro e n\u00e3o ir\u00e1 dissipar tempo e dinheiro com prazeres do momento, mas, ao contr\u00e1rio, far\u00e1 uso das oportunidades do momento tendo em vista o futuro sucesso. Voc\u00ea far\u00e1 isso com a ideia de n\u00e3o ser um \u00f4nus, mas uma ajuda para os demais.\u201d Baden-Powell<\/li><li>O escoteiro \u00e9 limpo de corpo e alma<br>\u201cO escoteiro \u00e9 limpo em pensamento, palavra e a\u00e7\u00e3o. Como escoteiro, espera-se que voc\u00ea tenha n\u00e3o s\u00f3 uma mente limpa, como tamb\u00e9m uma vontade limpa; seja capaz de controlar quaisquer tend\u00eancias intemperadas do sexo; d\u00ea um exemplo aos demais sendo puro, franco, honesto em tudo que pensa, diz ou faz\u201d Baden-Powell.<\/li><\/ol>\n\n\n\n<p><strong>Promessa Escoteira<\/strong><\/p>\n\n\n\n<p>A Promessa Escoteira \u00e9 o alicerce do Movimento Escoteiro, em que se sintetiza o embasamento moral o Escotismo. Nesse momento, os membros se comprometem voluntariamente a viver de acordo com a orienta\u00e7\u00e3o da Promessa.<br>\u201cPrometo pela minha honra fazer o melhor poss\u00edvel para: Cumprir meus deveres para com Deus e a minha P\u00e1tria, ajudar o pr\u00f3ximo em toda e qualquer ocasi\u00e3o e obedecer \u00e0 Lei Escoteira.\u201d<\/p>\n\n\n\n<p><strong>Princ\u00edpios do Escotismo<\/strong><\/p>\n\n\n\n<p>A Organiza\u00e7\u00e3o Mundial do Movimento Escoteiro (WOSM) define como Princ\u00edpios do Escotismo:<\/p>\n\n\n\n<ol class=\"wp-block-list\"><li>Dever para com Deus (cren\u00e7a e viv\u00eancia de uma f\u00e9, independentemente de qual seja);<br>Convidamos os jovens a ir al\u00e9m do mundo material, a orientar suas vidas por princ\u00edpios espirituais e a seguir caminhando em busca de Deus, presente na experi\u00eancia de todos os dias, na cria\u00e7\u00e3o, no pr\u00f3ximo, na hist\u00f3ria. Al\u00e9m disso, n\u00f3s os convidamos a viver sua f\u00e9 com alegria, sem nenhuma hostilidade para com aqueles que buscam, encontram ou vivem respostas diferentes diante de Deus, abrindo-se ao interesse, \u00e0 compreens\u00e3o e ao di\u00e1logo com todas as op\u00e7\u00f5es religiosas.<\/li><li>Dever para com os outros (participa\u00e7\u00e3o na sociedade, boa a\u00e7\u00e3o, servi\u00e7o ao pr\u00f3ximo);<br>Propomos aos jovens respeitar com carinho o mundo natural, comprometer-se com o desenvolvimento sustent\u00e1vel e participar ativamente dos esfor\u00e7os para sua preserva\u00e7\u00e3o e renova\u00e7\u00e3o. Entendemos que o ser humano s\u00f3 se realiza plenamente quando exerce sua liberdade respeitando a do pr\u00f3ximo. Propomos aos jovens que busquem sua realiza\u00e7\u00e3o por meio do servi\u00e7o ao pr\u00f3ximo e que se integrem de maneira respons\u00e1vel e solid\u00e1ria \u00e0 sua comunidade. No plano das rela\u00e7\u00f5es pessoais, n\u00f3s os convidamos a desenvolver sua afetividade com naturalidade e respeito, pautando pelo amor seu comportamento sexual.<\/li><li>Dever para consigo pr\u00f3prio (crescimento saud\u00e1vel e auto desenvolvimento).<br>Convidamos os jovens a usar progressivamente sua liberdade, a assumir-se com responsabilidade, a aprender a discernir e decidir, enfrentando as consequ\u00eancias de suas decis\u00f5es e de seus atos. N\u00f3s lhes propomos que sejam fortes, mantendo-se firmes em seus objetivos e tendo coragem de ser aut\u00eanticos, em um claro testemunho de que s\u00e3o e o que dizem ser.<\/li><\/ol>\n\n\n\n<p class=\"has-small-font-size\"><em>Fonte: <a href=\"https:\/\/www.escoteiros.org.br\/metodo-escoteiro\/\">https:\/\/www.escoteiros.org.br\/metodo-escoteiro\/<\/a><\/em><\/p>\n","protected":false},"excerpt":{"rendered":"<p>O M\u00e9todo Escoteiro \u00e9 um sistema de progress\u00e3o que tem a inten\u00e7\u00e3o de estimular as capacidades e interesses de cada jovem. Isso acontece atrav\u00e9s de desafios a serem superados, da viv\u00eancia de aventuras, do incentivo a explora\u00e7\u00e3o, a realiza\u00e7\u00e3o de descobertas, a experimentar coisas novas, inventar e desenvolver a capacidade de achar solu\u00e7\u00f5es; mas sempre &#8230; <a title=\"M\u00e9todo Escoteiro\" class=\"read-more\" href=\"https:\/\/medianeira76.com.br\/index.php\/metodo-escoteiro\/\" aria-label=\"Read more about M\u00e9todo Escoteiro\">Ler mais<\/a><\/p>\n","protected":false},"author":1,"featured_media":0,"parent":0,"menu_order":0,"comment_status":"closed","ping_status":"closed","template":"","meta":{"_monsterinsights_skip_tracking":false,"_monsterinsights_sitenote_active":false,"_monsterinsights_sitenote_note":"","_monsterinsights_sitenote_category":0,"_joinchat":[],"footnotes":""},"class_list":["post-25","page","type-page","status-publish"],"aioseo_notices":[],"_links":{"self":[{"href":"https:\/\/medianeira76.com.br\/index.php\/wp-json\/wp\/v2\/pages\/25","targetHints":{"allow":["GET"]}}],"collection":[{"href":"https:\/\/medianeira76.com.br\/index.php\/wp-json\/wp\/v2\/pages"}],"about":[{"href":"https:\/\/medianeira76.com.br\/index.php\/wp-json\/wp\/v2\/types\/page"}],"author":[{"embeddable":true,"href":"https:\/\/medianeira76.com.br\/index.php\/wp-json\/wp\/v2\/users\/1"}],"replies":[{"embeddable":true,"href":"https:\/\/medianeira76.com.br\/index.php\/wp-json\/wp\/v2\/comments?post=25"}],"version-history":[{"count":2,"href":"https:\/\/medianeira76.com.br\/index.php\/wp-json\/wp\/v2\/pages\/25\/revisions"}],"predecessor-version":[{"id":79,"href":"https:\/\/medianeira76.com.br\/index.php\/wp-json\/wp\/v2\/pages\/25\/revisions\/79"}],"wp:attachment":[{"href":"https:\/\/medianeira76.com.br\/index.php\/wp-json\/wp\/v2\/media?parent=25"}],"curies":[{"name":"wp","href":"https:\/\/api.w.org\/{rel}","templated":true}]}}