{"id":23,"date":"2020-06-05T13:40:41","date_gmt":"2020-06-05T16:40:41","guid":{"rendered":"https:\/\/medianeira76.com.br\/?page_id=23"},"modified":"2020-06-06T15:42:26","modified_gmt":"2020-06-06T18:42:26","slug":"organizacao-mundial","status":"publish","type":"page","link":"https:\/\/medianeira76.com.br\/index.php\/organizacao-mundial\/","title":{"rendered":"Organiza\u00e7\u00e3o Mundial"},"content":{"rendered":"\n<p>Em n\u00edvel mundial, o Movimento Escoteiro \u00e9 regido pela Organiza\u00e7\u00e3o Mundial do Movimento Escoteiro (OMME). A OMME \u00e9 uma organiza\u00e7\u00e3o independente, apol\u00edtica e n\u00e3o-governamental que \u00e9 composta de 164 Organiza\u00e7\u00f5es Nacionais. Essas Organiza\u00e7\u00f5es est\u00e3o espalhadas por 223 pa\u00edses e territ\u00f3rios em todo o mundo.<\/p>\n\n\n\n<p>Com mais de 40 milh\u00f5es de membros, a OMME \u00e9 o maior movimento de juventude do mundo. Desse n\u00famero, cerca de sete milh\u00f5es s\u00e3o adultos volunt\u00e1rios que apoiam as atividades locais \u2013 assim, atrav\u00e9s da lideran\u00e7a direta, em um processo apoiado por adultos, cada grupo escoteiro do mundo abra\u00e7a o mesmo conjunto de valores ilustrados na Promessa e Lei Escoteira. Cada um dos milhares grupos escoteiros locais segue um sistema similar de educa\u00e7\u00e3o n\u00e3o-formal, adequado para os aspectos \u00fanicos da sua comunidade.<\/p>\n\n\n\n<p>O objetivo da Organiza\u00e7\u00e3o Mundial \u00e9 promover a unidade e a compreens\u00e3o do prop\u00f3sito e princ\u00edpios do Escotismo, facilitando a sua expans\u00e3o e desenvolvimento. Os \u00f3rg\u00e3os da OMME s\u00e3o a Confer\u00eancia Mundial, o Comit\u00ea Escoteiro Mundial e o Bureau Mundial.<\/p>\n\n\n\n<p class=\"has-medium-font-size\"><strong>Centros Escoteiros Internacionais<\/strong><\/p>\n\n\n\n<p>Em diversos pa\u00edses do mundo existem centros escoteiros que podem ser visitados ou onde \u00e9 poss\u00edvel realizar um interc\u00e2mbio, atuando no dia a dia, conforme as necessidades locais. Confira os principais e mais famosos:<\/p>\n\n\n\n<p><a href=\"http:\/\/www.kisc.ch\/\" target=\"_blank\" rel=\"noreferrer noopener\">Kandersteg<\/a>, nos Alpes Su\u00ed\u00e7os, \u00e9 o ambiente sonhado por B-P para abrigar um Jamboree permanente.<\/p>\n\n\n\n<p><a href=\"http:\/\/www.scoutactivitycentres.org.uk\/\" target=\"_blank\" rel=\"noreferrer noopener\">Gilwell Park<\/a>, na Inglaterra, \u00e9 refer\u00eancia na forma\u00e7\u00e3o de adultos.<\/p>\n\n\n\n<p><a href=\"http:\/\/www.meininger-hotels.com\/en\/hotels\/london\/\" target=\"_blank\" rel=\"noreferrer noopener\">B-P House<\/a>, na Inglaterra, tamb\u00e9m \u00e9 utilizado como hostel e centro de conven\u00e7\u00f5es, e cont\u00e9m v\u00e1rios itens que pertenceram a Baden-Powell, incluindo o documento original da \u201c\u00daltima carta de B-P aos escoteiros\u201d.<\/p>\n\n\n\n<p><a href=\"http:\/\/www.apsc2015.org\/youthforum\/venue\" target=\"_blank\" rel=\"noreferrer noopener\">Suncheon<\/a>, na Coreia do Sul, incentiva que escoteiros e alunos das escolas locais desenvolvam atividades juntos.<\/p>\n\n\n\n<p><a href=\"https:\/\/www.facebook.com\/cairocenter\" target=\"_blank\" rel=\"noreferrer noopener\">Centro Escoteiro Internacional do Cairo<\/a>, no Egito, recebe h\u00f3spedes escoteiros e n\u00e3o escoteiros em um ambiente com capacidade para acomodar 80 pessoas.<\/p>\n\n\n\n<p><a href=\"http:\/\/jambville.sgdf.fr\/\" target=\"_blank\" rel=\"noreferrer noopener\">Jambville<\/a>, na Fran\u00e7a, conta com infraestrutura completa para receber escoteiros interessados em praticar Escotismo.<\/p>\n\n\n\n<p><a href=\"http:\/\/www.bpih.com.hk\/\" target=\"_blank\" rel=\"noreferrer noopener\">BP International<\/a>, em Hong Kong, \u00e9 um hotel com instala\u00e7\u00f5es modernas, preparado para receber fam\u00edlias inteiras.<\/p>\n\n\n\n<p><a href=\"http:\/\/www.summitbsa.org\/\" target=\"_blank\" rel=\"noreferrer noopener\">Summit<\/a>, nos Estados Unidos, \u00e9 o local ideal para escoteiros que procuram aventuras e adrenalina.<\/p>\n\n\n\n<p><a href=\"http:\/\/www.scouting.org\/Philmont.aspx\" target=\"_blank\" rel=\"noreferrer noopener\">Philmont Scout Ranch<\/a>, nos Estados Unidos, combina desafios e as melhores atividades praticadas no velho oeste.<\/p>\n\n\n\n<p><a href=\"http:\/\/www.bsaseabase.org\/\" target=\"_blank\" rel=\"noreferrer noopener\">Florida Sea Base<\/a>, tamb\u00e9m nos Estados Unidos, oferece uma s\u00e9rie de atividades aqu\u00e1ticas para escoteiros de todo o mundo.<\/p>\n\n\n\n<p>Para mais informa\u00e7\u00f5es ou d\u00favidas, contate <a href=\"mailto:internacional@escoteiros.org.br\" target=\"_blank\" rel=\"noreferrer noopener\">internacional@escoteiros.org.br<\/a><\/p>\n\n\n\n<p class=\"has-small-font-size\"><em>Fonte: <a href=\"https:\/\/www.escoteiros.org.br\/organizacao-mundial\/\">https:\/\/www.escoteiros.org.br\/organizacao-mundial\/<\/a><\/em><\/p>\n","protected":false},"excerpt":{"rendered":"<p>Em n\u00edvel mundial, o Movimento Escoteiro \u00e9 regido pela Organiza\u00e7\u00e3o Mundial do Movimento Escoteiro (OMME). A OMME \u00e9 uma organiza\u00e7\u00e3o independente, apol\u00edtica e n\u00e3o-governamental que \u00e9 composta de 164 Organiza\u00e7\u00f5es Nacionais. Essas Organiza\u00e7\u00f5es est\u00e3o espalhadas por 223 pa\u00edses e territ\u00f3rios em todo o mundo. Com mais de 40 milh\u00f5es de membros, a OMME \u00e9 o &#8230; <a title=\"Organiza\u00e7\u00e3o Mundial\" class=\"read-more\" href=\"https:\/\/medianeira76.com.br\/index.php\/organizacao-mundial\/\" aria-label=\"Read more about Organiza\u00e7\u00e3o Mundial\">Ler mais<\/a><\/p>\n","protected":false},"author":1,"featured_media":0,"parent":0,"menu_order":0,"comment_status":"closed","ping_status":"closed","template":"","meta":{"_monsterinsights_skip_tracking":false,"_monsterinsights_sitenote_active":false,"_monsterinsights_sitenote_note":"","_monsterinsights_sitenote_category":0,"_joinchat":[],"footnotes":""},"class_list":["post-23","page","type-page","status-publish"],"aioseo_notices":[],"_links":{"self":[{"href":"https:\/\/medianeira76.com.br\/index.php\/wp-json\/wp\/v2\/pages\/23","targetHints":{"allow":["GET"]}}],"collection":[{"href":"https:\/\/medianeira76.com.br\/index.php\/wp-json\/wp\/v2\/pages"}],"about":[{"href":"https:\/\/medianeira76.com.br\/index.php\/wp-json\/wp\/v2\/types\/page"}],"author":[{"embeddable":true,"href":"https:\/\/medianeira76.com.br\/index.php\/wp-json\/wp\/v2\/users\/1"}],"replies":[{"embeddable":true,"href":"https:\/\/medianeira76.com.br\/index.php\/wp-json\/wp\/v2\/comments?post=23"}],"version-history":[{"count":2,"href":"https:\/\/medianeira76.com.br\/index.php\/wp-json\/wp\/v2\/pages\/23\/revisions"}],"predecessor-version":[{"id":77,"href":"https:\/\/medianeira76.com.br\/index.php\/wp-json\/wp\/v2\/pages\/23\/revisions\/77"}],"wp:attachment":[{"href":"https:\/\/medianeira76.com.br\/index.php\/wp-json\/wp\/v2\/media?parent=23"}],"curies":[{"name":"wp","href":"https:\/\/api.w.org\/{rel}","templated":true}]}}